{"id":227,"date":"2026-02-16T19:46:15","date_gmt":"2026-02-16T16:46:15","guid":{"rendered":"https:\/\/jvworks.fi\/?page_id=227"},"modified":"2026-02-17T11:19:09","modified_gmt":"2026-02-17T08:19:09","slug":"hinnasto","status":"publish","type":"page","link":"https:\/\/jvworks.fi\/index.php\/hinnasto\/","title":{"rendered":"Hinnasto"},"content":{"rendered":"\n<p class=\"has-medium-font-size\"><\/p>\n\n\n\n<figure class=\"wp-block-table\"><table class=\"has-fixed-layout\"><tbody><tr><td class=\"has-text-align-left\" data-align=\"left\">Kuljettajavuokraus ( Perustunnit kotimaa )<\/td><td>35 \u20ac\/h<\/td><\/tr><tr><td class=\"has-text-align-left\" data-align=\"left\">&#8211; Sopimusasiakkaat<\/td><td>Sop. mukaan<\/td><\/tr><tr><td class=\"has-text-align-left\" data-align=\"left\">Kuljettajavuokraus ( Perustunnit ulkomaat )<\/td><td>38 \u20ac\/h<\/td><\/tr><tr><td class=\"has-text-align-left\" data-align=\"left\"><strong>P\u00e4iv\u00e4rahat kotimaa:<\/strong><\/td><td><\/td><\/tr><tr><td class=\"has-text-align-left\" data-align=\"left\">Kotimaan p\u00e4iv\u00e4raha ( yli 10h )<\/td><td>53\u20ac \/pv<\/td><\/tr><tr><td class=\"has-text-align-left\" data-align=\"left\">Osap\u00e4iv\u00e4raha ( yli 6 h )<\/td><td>20 \u20ac \/pv<\/td><\/tr><tr><td class=\"has-text-align-left\" data-align=\"left\">Ateriakorvaus ( alle 6h, yli 2 h )<\/td><td>13,50 \u20ac \/pv<\/td><\/tr><tr><td class=\"has-text-align-left\" data-align=\"left\"><strong>P\u00e4iv\u00e4rahat ulkomaat:<\/strong><\/td><td><\/td><\/tr><tr><td class=\"has-text-align-left\" data-align=\"left\">P\u00e4iv\u00e4raha ( EU-alue, laivamatkasta )<\/td><td>72 \u20ac\/pv<\/td><\/tr><tr><td class=\"has-text-align-left\" data-align=\"left\">       &#8211; EU:n ulkopuolella<\/td><td>77 \u20ac\/pv<\/td><\/tr><tr><td class=\"has-text-align-left\" data-align=\"left\"><\/td><td><\/td><\/tr><tr><td class=\"has-text-align-left\" data-align=\"left\">ATK- ja toimistoapu<\/td><td><strong>*<\/strong>35\u20ac\/h \/ Sop. mukaan<\/td><\/tr><\/tbody><\/table><\/figure>\n\n\n\n<p><em>Hinnat alv 0%<\/em>. <\/p>\n\n\n\n<p><em>Hinta alv 25,5%<\/em> <strong>*<\/strong><\/p>\n\n\n\n<p><\/p>\n","protected":false},"excerpt":{"rendered":"<p>Kuljettajavuokraus ( Perustunnit kotimaa ) 35 \u20ac\/h &#8211; Sopimusasiakkaat Sop. mukaan Kuljettajavuokraus ( Perustunnit ulkomaat ) 38 \u20ac\/h P\u00e4iv\u00e4rahat kotimaa: Kotimaan p\u00e4iv\u00e4raha ( yli 10h ) 53\u20ac \/pv Osap\u00e4iv\u00e4raha ( yli 6 h ) 20 \u20ac \/pv Ateriakorvaus ( alle 6h, yli 2 h ) 13,50 \u20ac \/pv P\u00e4iv\u00e4rahat ulkomaat: P\u00e4iv\u00e4raha ( EU-alue, laivamatkasta ) &hellip; <a href=\"https:\/\/jvworks.fi\/index.php\/hinnasto\/\" class=\"more-link\">Jatka lukemista <span class=\"screen-reader-text\">Hinnasto<\/span> <span class=\"meta-nav\">&rarr;<\/span><\/a><\/p>\n","protected":false},"author":2,"featured_media":0,"parent":0,"menu_order":5,"comment_status":"closed","ping_status":"closed","template":"","meta":{"footnotes":""},"class_list":["post-227","page","type-page","status-publish","hentry"],"jetpack_sharing_enabled":true,"_links":{"self":[{"href":"https:\/\/jvworks.fi\/index.php\/wp-json\/wp\/v2\/pages\/227","targetHints":{"allow":["GET"]}}],"collection":[{"href":"https:\/\/jvworks.fi\/index.php\/wp-json\/wp\/v2\/pages"}],"about":[{"href":"https:\/\/jvworks.fi\/index.php\/wp-json\/wp\/v2\/types\/page"}],"author":[{"embeddable":true,"href":"https:\/\/jvworks.fi\/index.php\/wp-json\/wp\/v2\/users\/2"}],"replies":[{"embeddable":true,"href":"https:\/\/jvworks.fi\/index.php\/wp-json\/wp\/v2\/comments?post=227"}],"version-history":[{"count":13,"href":"https:\/\/jvworks.fi\/index.php\/wp-json\/wp\/v2\/pages\/227\/revisions"}],"predecessor-version":[{"id":256,"href":"https:\/\/jvworks.fi\/index.php\/wp-json\/wp\/v2\/pages\/227\/revisions\/256"}],"wp:attachment":[{"href":"https:\/\/jvworks.fi\/index.php\/wp-json\/wp\/v2\/media?parent=227"}],"curies":[{"name":"wp","href":"https:\/\/api.w.org\/{rel}","templated":true}]}}