{"id":209,"date":"2026-02-16T15:30:42","date_gmt":"2026-02-16T15:30:42","guid":{"rendered":"https:\/\/jvworks.fi\/?page_id=209"},"modified":"2026-02-17T11:18:54","modified_gmt":"2026-02-17T08:18:54","slug":"toimistoapu","status":"publish","type":"page","link":"https:\/\/jvworks.fi\/index.php\/toimistoapu\/","title":{"rendered":"Toimistoapu"},"content":{"rendered":"\n<p><\/p>\n\n\n\n<p>Palvelumme kattaa laajan alueen niin toimistotekniikkaan liittyviss\u00e4 asioissa, kuten laskutuksissa, p\u00f6yt\u00e4kirjojen teoissa, myynniss\u00e4 sek\u00e4 markkinoinnissa. <\/p>\n\n\n\n<p>Palvelumme on my\u00f6s laajaa tietoteknisiss\u00e4 palveluissa,<br>joten kannattaa ottaa yhteytt\u00e4 ja tiedustella joko <a href=\"https:\/\/jvworks.fi\/index.php\/yhteystiedot\/\" data-type=\"page\" data-id=\"213\">palautelomakkeella<\/a>, puhelimella tai s\u00e4hk\u00f6postitse.<\/p>\n\n\n\n<p class=\"has-medium-font-size\"><strong>Laskutukset<\/strong><\/p>\n\n\n\n<p>Laskutuksissa teemme yrityksenne laskut yritykselt\u00e4 saamien tietojen pohjalta ja l\u00e4het\u00e4mme ne asiakkaalle. Palveluun on sovittavissa my\u00f6s laskutuksien seuranta mutta ota yhteytt\u00e4 ja kerro millaista palvelukokonaisuutta tarvitset niin l\u00f6yd\u00e4mme edullisen ratkaisun.<\/p>\n\n\n\n<p><\/p>\n","protected":false},"excerpt":{"rendered":"<p>Palvelumme kattaa laajan alueen niin toimistotekniikkaan liittyviss\u00e4 asioissa, kuten laskutuksissa, p\u00f6yt\u00e4kirjojen teoissa, myynniss\u00e4 sek\u00e4 markkinoinnissa. Palvelumme on my\u00f6s laajaa tietoteknisiss\u00e4 palveluissa,joten kannattaa ottaa yhteytt\u00e4 ja tiedustella joko palautelomakkeella, puhelimella tai s\u00e4hk\u00f6postitse. Laskutukset Laskutuksissa teemme yrityksenne laskut yritykselt\u00e4 saamien tietojen pohjalta ja l\u00e4het\u00e4mme ne asiakkaalle. Palveluun on sovittavissa my\u00f6s laskutuksien seuranta mutta ota yhteytt\u00e4 ja kerro &hellip; <a href=\"https:\/\/jvworks.fi\/index.php\/toimistoapu\/\" class=\"more-link\">Jatka lukemista <span class=\"screen-reader-text\">Toimistoapu<\/span> <span class=\"meta-nav\">&rarr;<\/span><\/a><\/p>\n","protected":false},"author":2,"featured_media":0,"parent":0,"menu_order":4,"comment_status":"closed","ping_status":"closed","template":"","meta":{"footnotes":""},"class_list":["post-209","page","type-page","status-publish","hentry"],"jetpack_sharing_enabled":true,"_links":{"self":[{"href":"https:\/\/jvworks.fi\/index.php\/wp-json\/wp\/v2\/pages\/209","targetHints":{"allow":["GET"]}}],"collection":[{"href":"https:\/\/jvworks.fi\/index.php\/wp-json\/wp\/v2\/pages"}],"about":[{"href":"https:\/\/jvworks.fi\/index.php\/wp-json\/wp\/v2\/types\/page"}],"author":[{"embeddable":true,"href":"https:\/\/jvworks.fi\/index.php\/wp-json\/wp\/v2\/users\/2"}],"replies":[{"embeddable":true,"href":"https:\/\/jvworks.fi\/index.php\/wp-json\/wp\/v2\/comments?post=209"}],"version-history":[{"count":3,"href":"https:\/\/jvworks.fi\/index.php\/wp-json\/wp\/v2\/pages\/209\/revisions"}],"predecessor-version":[{"id":226,"href":"https:\/\/jvworks.fi\/index.php\/wp-json\/wp\/v2\/pages\/209\/revisions\/226"}],"wp:attachment":[{"href":"https:\/\/jvworks.fi\/index.php\/wp-json\/wp\/v2\/media?parent=209"}],"curies":[{"name":"wp","href":"https:\/\/api.w.org\/{rel}","templated":true}]}}