{"id":204,"date":"2026-02-16T15:12:59","date_gmt":"2026-02-16T15:12:59","guid":{"rendered":"https:\/\/jvworks.fi\/?page_id=204"},"modified":"2026-02-17T11:18:33","modified_gmt":"2026-02-17T08:18:33","slug":"palvelut","status":"publish","type":"page","link":"https:\/\/jvworks.fi\/index.php\/palvelut\/","title":{"rendered":"Yrityksen Palvelut"},"content":{"rendered":"\n<p class=\"has-medium-font-size\"><strong>Kuljettajavuokraus<\/strong><\/p>\n\n\n\n<p>Olen toiminut kuljettajana vuodesta 1987 saakka, joten osaamisalueeseen kuuluu betoninajosta, vaihtolavalaitteista ( vaijeri- ja koukku ) aina maansiirtoon saakka. Vuodesta 2006 on tullut py\u00f6ritelty\u00e4 eniten puoliper\u00e4vaunuja- sek\u00e4 B-Linkkej\u00e4 niin kotimaassa kuin ulkomaillakin, joista mainittakoon 3,5-vuotta Ruotsin CEMT liikenteess\u00e4.  T\u00e4m\u00e4n j\u00e4lkeen on tullut harjoitettua yritt\u00e4mist\u00e4kin omalla puoliper\u00e4vaunu veturilla 2-vuotta joten yhdistelmien ajamisessa on 10-vuoden kokemus.<\/p>\n\n\n\n<p>Osaamisalue on siis laaja kuljetusalalla, joten niin trukit kuin roclatkin pysyv\u00e4t k\u00e4dess\u00e4 siin\u00e4 kuin isoimmat yhdistelm\u00e4tkin.<\/p>\n\n\n\n<p class=\"has-medium-font-size\"><strong>Tietokoneet ja oheislaitteet<\/strong><\/p>\n\n\n\n<p>Hoidamme kaiken mik\u00e4 liittyy tietotekniikkaan ja olemme jatkuvassa opissa opiskelemassa ja keksim\u00e4ss\u00e4 uutta joten kannattaa ottaa yhteytt\u00e4 niin keksimme yhdess\u00e4 ratkaisun kaikkiin ATK-alaan liittyviss\u00e4 ongelmissa, olit sitten <strong>yritt\u00e4j\u00e4 tai yksityishenkil\u00f6.<\/strong><\/p>\n\n\n\n<h1 class=\"wp-block-heading has-medium-font-size\"><strong>IT-laitteistojen kierr\u00e4tys<\/strong><\/h1>\n\n\n\n<p><strong>P\u00f6lyttyyk\u00f6 vanhat tietokoneet nurkissa? Haluatko p\u00e4\u00e4st\u00e4 niist\u00e4 eroon?Yritys ottaa vastaan k\u00e4ytettyj\u00e4, ehji\u00e4 ja rikkin\u00e4isi\u00e4 tietokoneita. <\/strong><\/p>\n\n\n\n<p>Pyrimme kierr\u00e4tt\u00e4m\u00e4\u00e4n mahdollisimman paljon vanhoja tietokoneita, kunnostamalla ja muokkaamalla niit\u00e4 nykyhetkeen sopiviksi. <\/p>\n\n\n\n<p>Palvelumme on my\u00f6s laajaa tietoteknisiss\u00e4 palveluissa,<br>joten kannattaa ottaa yhteytt\u00e4 ja tiedustella joko palautelomakkeella, puhelimella tai s\u00e4hk\u00f6postitse.<\/p>\n\n\n\n<p class=\"has-medium-font-size\"><strong>Toimistoapu<\/strong><\/p>\n\n\n\n<p>Palvelumme kattaa laajan alueen niin toimistotekniikkaan liittyviss\u00e4 asioissa, kuten kirjanpidoissa, laskutuksissa, myynniss\u00e4 sek\u00e4 markkinoinnissa. <\/p>\n\n\n\n<p>Laskutuksissa teemme yrityksenne laskut yritykselt\u00e4 saamien tietojen pohjalta ja l\u00e4het\u00e4mme ne asiakkaalle. Palveluun on sovittavissa my\u00f6s laskutuksien seuranta<br>mutta ota yhteytt\u00e4 ja kerro millaista palvelukokonaisuutta tarvitset niin l\u00f6yd\u00e4mme edullisen ratkaisun.<\/p>\n\n\n\n<p><\/p>\n","protected":false},"excerpt":{"rendered":"<p>Kuljettajavuokraus Olen toiminut kuljettajana vuodesta 1987 saakka, joten osaamisalueeseen kuuluu betoninajosta, vaihtolavalaitteista ( vaijeri- ja koukku ) aina maansiirtoon saakka. Vuodesta 2006 on tullut py\u00f6ritelty\u00e4 eniten puoliper\u00e4vaunuja- sek\u00e4 B-Linkkej\u00e4 niin kotimaassa kuin ulkomaillakin, joista mainittakoon 3,5-vuotta Ruotsin CEMT liikenteess\u00e4. T\u00e4m\u00e4n j\u00e4lkeen on tullut harjoitettua yritt\u00e4mist\u00e4kin omalla puoliper\u00e4vaunu veturilla 2-vuotta joten yhdistelmien ajamisessa on 10-vuoden kokemus. &hellip; <a href=\"https:\/\/jvworks.fi\/index.php\/palvelut\/\" class=\"more-link\">Jatka lukemista <span class=\"screen-reader-text\">Yrityksen Palvelut<\/span> <span class=\"meta-nav\">&rarr;<\/span><\/a><\/p>\n","protected":false},"author":2,"featured_media":0,"parent":0,"menu_order":3,"comment_status":"closed","ping_status":"closed","template":"","meta":{"footnotes":""},"class_list":["post-204","page","type-page","status-publish","hentry"],"jetpack_sharing_enabled":true,"_links":{"self":[{"href":"https:\/\/jvworks.fi\/index.php\/wp-json\/wp\/v2\/pages\/204","targetHints":{"allow":["GET"]}}],"collection":[{"href":"https:\/\/jvworks.fi\/index.php\/wp-json\/wp\/v2\/pages"}],"about":[{"href":"https:\/\/jvworks.fi\/index.php\/wp-json\/wp\/v2\/types\/page"}],"author":[{"embeddable":true,"href":"https:\/\/jvworks.fi\/index.php\/wp-json\/wp\/v2\/users\/2"}],"replies":[{"embeddable":true,"href":"https:\/\/jvworks.fi\/index.php\/wp-json\/wp\/v2\/comments?post=204"}],"version-history":[{"count":6,"href":"https:\/\/jvworks.fi\/index.php\/wp-json\/wp\/v2\/pages\/204\/revisions"}],"predecessor-version":[{"id":261,"href":"https:\/\/jvworks.fi\/index.php\/wp-json\/wp\/v2\/pages\/204\/revisions\/261"}],"wp:attachment":[{"href":"https:\/\/jvworks.fi\/index.php\/wp-json\/wp\/v2\/media?parent=204"}],"curies":[{"name":"wp","href":"https:\/\/api.w.org\/{rel}","templated":true}]}}