{"id":180,"date":"2026-02-16T12:34:56","date_gmt":"2026-02-16T12:34:56","guid":{"rendered":"https:\/\/jvworks.fi\/?page_id=180"},"modified":"2026-02-17T14:03:51","modified_gmt":"2026-02-17T11:03:51","slug":"it-palvelut","status":"publish","type":"page","link":"https:\/\/jvworks.fi\/index.php\/it-palvelut\/","title":{"rendered":"ATK-Palvelut"},"content":{"rendered":"<div class=\"wp-block-image\">\n<figure class=\"aligncenter size-full\"><img loading=\"lazy\" decoding=\"async\" width=\"158\" height=\"153\" src=\"https:\/\/jvworks.fi\/wp-content\/uploads\/2026\/02\/koppa.gif\" alt=\"\" class=\"wp-image-194\"\/><\/figure>\n<\/div>\n\n\n<p>J\u00e4rjestelm\u00e4tukipalveluissa laskutamme k\u00e4ytetyst\u00e4 ajasta sek\u00e4 matkakuluista tai voit halutessasi pyyt\u00e4\u00e4 tarjouksen laajemmastakin kokonaisuudesta.<\/p>\n\n\n\n<p>Suunnittelemme my\u00f6s yrityksenne konekartoitukset, weppisivut ja toimimme vaikka yrityksenne mikrotukena joko paikallisesti tai et\u00e4palveluna.<\/p>\n\n\n\n<p><strong>Meilt\u00e4 saa lis\u00e4ksi my\u00f6s seuraavia palveluita:<\/strong><\/p>\n\n\n\n<ul class=\"wp-block-list\">\n<li>Navigaattoreiden p\u00e4ivitykset <\/li>\n\n\n\n<li>Mikrotuki<\/li>\n\n\n\n<li>Konekokoonpanojen suunnittelu- ja toteutus<\/li>\n\n\n\n<li>Kuljetus- sek\u00e4 raskaankaluston kartasto- sek\u00e4 internetj\u00e4rjestelm\u00e4t<\/li>\n\n\n\n<li>Mainosten ja logojen suunnittelu ja toteutus<\/li>\n\n\n\n<li>Palomuurit ja Virustorjunnat<\/li>\n\n\n\n<li>Tietokoneiden huollot ja p\u00e4ivitykset<\/li>\n\n\n\n<li>Exell ja Access sovellukset<\/li>\n\n\n\n<li>K\u00e4ytt\u00f6j\u00e4rjestelmien asennus ( Linux ja Windows )<\/li>\n\n\n\n<li>Linux j\u00e4rjestelmien yll\u00e4pito<\/li>\n\n\n\n<li>Tietokoneen k\u00e4yt\u00f6n opastus<\/li>\n\n\n\n<li>YritysVerkkojen suunnittelu- ja toteutus<\/li>\n\n\n\n<li>IT laitteiden Vahinkotarkastukset<\/li>\n\n\n\n<li>Ohjelmistojen asennukset ja p\u00e4ivitykset ( Linux ja Windows )<\/li>\n\n\n\n<li>J\u00e4rjestelm\u00e4tukipalvelut<\/li>\n\n\n\n<li>Varmuuskopioinnit<\/li>\n\n\n\n<li>Web-sivujen suunnittelu ja toteutus<\/li>\n<\/ul>\n\n\n\n<p><strong>HUOM ! !<br><br>Meill\u00e4 on my\u00f6s varastoissa paljon vanhojen laitteistojen osia, joten aina ei tarvitse ostaa uutta, mik\u00e4li vanhallakin viel\u00e4 p\u00e4rj\u00e4\u00e4. Kaikki laitteet on korjattavissa, joten \u00e4l\u00e4 ep\u00e4r\u00f6i ottaa yhteytt\u00e4 mik\u00e4li vanha koneesi ei toimi. Mik\u00e4li laitteistoasi EI saa korjattua ja hankit uuden kauttamme, hyvit\u00e4mme vanhasta laitteistosta asianmukaisen hinnan.<\/strong><br><\/p>\n\n\n\n<p><em>Muita ATK t\u00f6it\u00e4 teemme vallitsevien hinnastojen mukaan.<\/em><\/p>\n\n\n\n<p><strong>Osaamisalueeseemme kuuluu paljon muutakin joten ota yhteytt\u00e4 ja pyyd\u00e4 tarjous ja mietimme yrityksellenne edulliset tietoj\u00e4rjestelm\u00e4ratkaisut.<\/strong><\/p>\n","protected":false},"excerpt":{"rendered":"<p>J\u00e4rjestelm\u00e4tukipalveluissa laskutamme k\u00e4ytetyst\u00e4 ajasta sek\u00e4 matkakuluista tai voit halutessasi pyyt\u00e4\u00e4 tarjouksen laajemmastakin kokonaisuudesta. Suunnittelemme my\u00f6s yrityksenne konekartoitukset, weppisivut ja toimimme vaikka yrityksenne mikrotukena joko paikallisesti tai et\u00e4palveluna. Meilt\u00e4 saa lis\u00e4ksi my\u00f6s seuraavia palveluita: HUOM ! ! Meill\u00e4 on my\u00f6s varastoissa paljon vanhojen laitteistojen osia, joten aina ei tarvitse ostaa uutta, mik\u00e4li vanhallakin viel\u00e4 p\u00e4rj\u00e4\u00e4. Kaikki &hellip; <a href=\"https:\/\/jvworks.fi\/index.php\/it-palvelut\/\" class=\"more-link\">Jatka lukemista <span class=\"screen-reader-text\">ATK-Palvelut<\/span> <span class=\"meta-nav\">&rarr;<\/span><\/a><\/p>\n","protected":false},"author":2,"featured_media":0,"parent":0,"menu_order":1,"comment_status":"closed","ping_status":"closed","template":"","meta":{"footnotes":""},"class_list":["post-180","page","type-page","status-publish","hentry"],"jetpack_sharing_enabled":true,"_links":{"self":[{"href":"https:\/\/jvworks.fi\/index.php\/wp-json\/wp\/v2\/pages\/180","targetHints":{"allow":["GET"]}}],"collection":[{"href":"https:\/\/jvworks.fi\/index.php\/wp-json\/wp\/v2\/pages"}],"about":[{"href":"https:\/\/jvworks.fi\/index.php\/wp-json\/wp\/v2\/types\/page"}],"author":[{"embeddable":true,"href":"https:\/\/jvworks.fi\/index.php\/wp-json\/wp\/v2\/users\/2"}],"replies":[{"embeddable":true,"href":"https:\/\/jvworks.fi\/index.php\/wp-json\/wp\/v2\/comments?post=180"}],"version-history":[{"count":9,"href":"https:\/\/jvworks.fi\/index.php\/wp-json\/wp\/v2\/pages\/180\/revisions"}],"predecessor-version":[{"id":267,"href":"https:\/\/jvworks.fi\/index.php\/wp-json\/wp\/v2\/pages\/180\/revisions\/267"}],"wp:attachment":[{"href":"https:\/\/jvworks.fi\/index.php\/wp-json\/wp\/v2\/media?parent=180"}],"curies":[{"name":"wp","href":"https:\/\/api.w.org\/{rel}","templated":true}]}}