{"id":14,"date":"2024-12-10T12:44:04","date_gmt":"2024-12-10T12:44:04","guid":{"rendered":"https:\/\/jvworks.fi\/?page_id=14"},"modified":"2026-02-17T14:03:18","modified_gmt":"2026-02-17T11:03:18","slug":"etusivu","status":"publish","type":"page","link":"https:\/\/jvworks.fi\/","title":{"rendered":"Etusivu"},"content":{"rendered":"<div class=\"wp-block-image\">\n<figure class=\"aligncenter size-full\"><img loading=\"lazy\" decoding=\"async\" width=\"622\" height=\"168\" src=\"https:\/\/jvworks.fi\/wp-content\/uploads\/2026\/02\/club.gif\" alt=\"\" class=\"wp-image-193\"\/><\/figure>\n<\/div>\n\n\n<p><strong>Osaamiseemme kuuluu <a href=\"https:\/\/jvworks.fi\/index.php\/it-palvelut\/\" data-type=\"page\" data-id=\"180\">ATK-palvelut<\/a>, erilaiset <a href=\"https:\/\/jvworks.fi\/index.php\/toimistoapu\/\" data-type=\"page\" data-id=\"209\">toimistoapupalvelut<\/a> ja  <a href=\"https:\/\/jvworks.fi\/index.php\/kuljettajavuokraus\/\" data-type=\"page\" data-id=\"191\">kuljettajavuokraus<\/a>.  <\/strong><\/p>\n\n\n\n<p>Osaamiseemme kuuluu my\u00f6s monet muut ty\u00f6teht\u00e4v\u00e4t joten aina kannattaa ottaa <a href=\"https:\/\/jvworks.fi\/index.php\/yhteystiedot\/\" data-type=\"page\" data-id=\"213\">yhteytt\u00e4<\/a>. <em>Mottona on, se mit\u00e4 ei osata, opetellaan<\/em>.<\/p>\n\n\n\n<p><strong>Yrityksen yhten\u00e4 tukipilarina sek\u00e4 perusideana ATK-puolella on tietokonelaitteiden kierr\u00e4tys uusiok\u00e4ytt\u00f6\u00f6n ja vanhojen laitteistojen p\u00e4ivitt\u00e4minen nopeammiksi k\u00e4ytetyill\u00e4 osilla. <\/strong><\/p>\n\n\n\n<p>T\u00e4m\u00e4 siksi, ett\u00e4 uusien osien hinnat ovat pahimmillaan viisinkertaistuneet sek\u00e4 monien uusien osien saatavuus on ollut suhteellisen heikko.<\/p>\n\n\n\n<p><strong>Meill\u00e4 varastoissa paljon vanhojen laitteistojen osia, joten aina ei tarvitse ostaa uutta, mik\u00e4li vanhallakin viel\u00e4 p\u00e4rj\u00e4\u00e4.<br>Kaikki laitteet on korjattavissa, joten \u00e4l\u00e4 ep\u00e4r\u00f6i ottaa yhteytt\u00e4 mik\u00e4li vanha koneesi ei toimi.<br>Tulemme katsomaan ja tarkastamaan koneen korjaustarpeen tarvittaessa paikan p\u00e4\u00e4lle joten konetta ei v\u00e4ltt\u00e4m\u00e4tt\u00e4 tarvitse kuljettaa mihink\u00e4\u00e4n.<\/strong><br><br>Suunnittelemme my\u00f6s yrityksenne konekartoitukset, weppisivut ja toimimme vaikka yrityksenne mikrotukena joko paikallisesti<br>tai et\u00e4palveluna.<br><\/p>\n\n\n\n<p><strong>Osaamisalueeseemme kuuluu paljon muutakin joten ota<a href=\"https:\/\/jvworks.fi\/index.php\/yhteystiedot\/\" data-type=\"page\" data-id=\"213\"> yhteytt\u00e4 ja pyyd\u00e4 tarjous<\/a> ja mietimme edulliset ja kokonaisvaltaiset ratkaisut.<\/strong><\/p>\n\n\n\n<p><\/p>\n","protected":false},"excerpt":{"rendered":"<p>Osaamiseemme kuuluu ATK-palvelut, erilaiset toimistoapupalvelut ja kuljettajavuokraus. Osaamiseemme kuuluu my\u00f6s monet muut ty\u00f6teht\u00e4v\u00e4t joten aina kannattaa ottaa yhteytt\u00e4. Mottona on, se mit\u00e4 ei osata, opetellaan. Yrityksen yhten\u00e4 tukipilarina sek\u00e4 perusideana ATK-puolella on tietokonelaitteiden kierr\u00e4tys uusiok\u00e4ytt\u00f6\u00f6n ja vanhojen laitteistojen p\u00e4ivitt\u00e4minen nopeammiksi k\u00e4ytetyill\u00e4 osilla. T\u00e4m\u00e4 siksi, ett\u00e4 uusien osien hinnat ovat pahimmillaan viisinkertaistuneet sek\u00e4 monien uusien osien &hellip; <a href=\"https:\/\/jvworks.fi\/\" class=\"more-link\">Jatka lukemista <span class=\"screen-reader-text\">Etusivu<\/span> <span class=\"meta-nav\">&rarr;<\/span><\/a><\/p>\n","protected":false},"author":1,"featured_media":0,"parent":0,"menu_order":0,"comment_status":"closed","ping_status":"closed","template":"","meta":{"footnotes":"[]"},"class_list":["post-14","page","type-page","status-publish","hentry"],"jetpack_sharing_enabled":true,"_links":{"self":[{"href":"https:\/\/jvworks.fi\/index.php\/wp-json\/wp\/v2\/pages\/14","targetHints":{"allow":["GET"]}}],"collection":[{"href":"https:\/\/jvworks.fi\/index.php\/wp-json\/wp\/v2\/pages"}],"about":[{"href":"https:\/\/jvworks.fi\/index.php\/wp-json\/wp\/v2\/types\/page"}],"author":[{"embeddable":true,"href":"https:\/\/jvworks.fi\/index.php\/wp-json\/wp\/v2\/users\/1"}],"replies":[{"embeddable":true,"href":"https:\/\/jvworks.fi\/index.php\/wp-json\/wp\/v2\/comments?post=14"}],"version-history":[{"count":34,"href":"https:\/\/jvworks.fi\/index.php\/wp-json\/wp\/v2\/pages\/14\/revisions"}],"predecessor-version":[{"id":266,"href":"https:\/\/jvworks.fi\/index.php\/wp-json\/wp\/v2\/pages\/14\/revisions\/266"}],"wp:attachment":[{"href":"https:\/\/jvworks.fi\/index.php\/wp-json\/wp\/v2\/media?parent=14"}],"curies":[{"name":"wp","href":"https:\/\/api.w.org\/{rel}","templated":true}]}}